{"id":3594,"date":"2014-11-05T14:53:31","date_gmt":"2014-11-05T14:53:31","guid":{"rendered":"http:\/\/primamedia.rs\/index.php\/home-3\/?lang=sr"},"modified":"2024-09-16T09:50:21","modified_gmt":"2024-09-16T07:50:21","slug":"prima-media-agency","status":"publish","type":"page","link":"https:\/\/primamedia.rs\/","title":{"rendered":"Prima Media Agency"},"content":{"rendered":"<div class=\"be-section         clearfix\" data-headerscheme=\"background--light\" style=\" background-color: #ffffff;\"  ><div class=\"be-section-pad clearfix \" style=\" padding-top:90px;padding-bottom:0px;\" data-padding-top = \"90\"><div  class=\"be-row be-wrap clearfix \"><div  class=\"one-col column-block clearfix  no-background    \" data-animation=\"\" style=\"  \"><div class=\"be-custom-column-inner\"><div class=\"be-text-inner clearfix\" style=\"width: full%; margin: 0 0 30px;\"><p style=\"text-align: left;\"><span style=\"font-size: 14pt; line-height: 1.8; color: #999999;\">Na\u0161a vizija je da budemo vode\u0107a digital agencija u regionu. Da bismo postigli to, radi\u0107emo vredno, obezbe\u0111uju\u0107i inovativne i kreativne ideje, kao i cenovno efikasna re\u0161enja, predano i profesionalno, pru\u017eaju\u0107i na\u0161im klijentima prednost nad konkurencijom.Mi uvek slu\u0161amo pa\u017eljivo, planiramo kreativno, radimo timski, redovno analiziramo i strate\u0161ki unapre\u0111ujemo. Mi smo Prima Media, omiljena digital agencija Va\u0161eg Brenda.<\/span><\/p>\n<\/div><\/div><\/div><\/div><div  class=\"be-row be-wrap clearfix \"><div  class=\"one-col column-block clearfix  no-background    \" data-animation=\"\" style=\"  \"><div class=\"be-custom-column-inner\"><div class=\"be-button-wrap  \"><a class=\"be-shortcode mediumbtn be-button right-icon none   bg-animation-none\" href=\"https:\/\/primamedia.rs\/index.php\/o-nama\/?lang=sr\" style= \"border-style: solid; border-width:2px; border-color: #000000;background-color: transparent; color: #000000; \" data-animation=\"fadeIn\" data-bg-color=\"transparent\" data-hover-bg-color=\"#e0a240\" data-color=\"#000000\" data-hover-color=\"#ffffff\" data-border-color=\"#000000\" data-hover-border-color=\"#e0a240\" >Pro\u010ditajte vi\u0161e<i class=\"font-icon icon-arrow-right2\"><\/i><\/a><\/div><\/div><\/div><\/div><\/div><\/div><div class=\"be-section         clearfix\" data-headerscheme=\"background--dark\" style=\" \"  ><div class=\"be-section-pad clearfix \" style=\" padding-top:90px;padding-bottom:30px;\" data-padding-top = \"90\"><div  class=\"be-row be-wrap clearfix zero-bottom \"><div  class=\"one-col column-block clearfix  no-background    \" data-animation=\"\" style=\"  \"><div class=\"be-custom-column-inner\"><div class=\"special-heading-wrap style1 0\" data-animation=\"fadeIn\"><div class=\"special-heading align-center\"><h4 class=\"special-h-tag\" style=\"color: \">PONOSNI SMO NA NA\u0160E USPEHE<\/h4><div class=\"sub-title margin-bottom  special-subtitle\">Ovo je deo na\u0161e velike porodice zadovoljnih klijenata I partnera:<\/div><div class=\"sep-with-icon-wrap margin-bottom\"><span class=\"sep-with-icon\" style=\"background-color:#e8e8e8;border-color:#e8e8e8;color:#e8e8e8;height:1px;width:30px;\" ><\/span><i class=\"sep-icon font-icon icon-bookmark\" style=\"color:#e0a240;\"><\/i><span class=\"sep-with-icon\" style=\"background-color:#e8e8e8;border-color:#e8e8e8;color:#e8e8e8;height:1px;width:30px;\" ><\/span><\/div><\/div><\/div><\/div><\/div><\/div><div  class=\"be-row be-wrap clearfix be-no-space log\"><div  class=\"one-fourth column-block mob no-background be-bg-cover   \" data-animation=\"\" style=\"  vertical-align: middle;\"><div class=\"be-custom-column-pad\" style=\"\"><div class=\"be-text-inner clearfix\" style=\"width: 50%; margin: 0 auto 30px;\"><p><img loading=\"lazy\" decoding=\"async\" class=\"wp-image-3896 aligncenter\" src=\"https:\/\/primamedia.rs\/wp-content\/uploads\/2014\/11\/Heineken_logo.svg.png\" alt=\"Heineken_logo.svg\" width=\"208\" height=\"37\" srcset=\"https:\/\/primamedia.rs\/wp-content\/uploads\/2014\/11\/Heineken_logo.svg.png 1280w, https:\/\/primamedia.rs\/wp-content\/uploads\/2014\/11\/Heineken_logo.svg-300x53.png 300w, https:\/\/primamedia.rs\/wp-content\/uploads\/2014\/11\/Heineken_logo.svg-768x136.png 768w, https:\/\/primamedia.rs\/wp-content\/uploads\/2014\/11\/Heineken_logo.svg-1024x182.png 1024w, https:\/\/primamedia.rs\/wp-content\/uploads\/2014\/11\/Heineken_logo.svg-282x50.png 282w, https:\/\/primamedia.rs\/wp-content\/uploads\/2014\/11\/Heineken_logo.svg-650x115.png 650w, https:\/\/primamedia.rs\/wp-content\/uploads\/2014\/11\/Heineken_logo.svg-1000x177.png 1000w, https:\/\/primamedia.rs\/wp-content\/uploads\/2014\/11\/Heineken_logo.svg-1250x227.png 1250w\" sizes=\"auto, (max-width: 208px) 100vw, 208px\" \/><\/p>\n<\/div><\/div><\/div><div  class=\"one-fourth column-block  no-background be-bg-cover   \" data-animation=\"\" style=\"  vertical-align: middle;\"><div class=\"be-custom-column-pad\" style=\"padding-top: 5px;padding-right: 5px;padding-bottom: 5px;padding-left: 5px;\"><div class=\"be-text-inner clearfix\" style=\"width: 50%; margin: 0 auto 30px;\"><p><img loading=\"lazy\" decoding=\"async\" class=\"wp-image-3897 aligncenter\" src=\"https:\/\/primamedia.rs\/wp-content\/uploads\/2014\/11\/logo-delhaize.png\" alt=\"logo-delhaize\" width=\"204\" height=\"40\" srcset=\"https:\/\/primamedia.rs\/wp-content\/uploads\/2014\/11\/logo-delhaize.png 927w, https:\/\/primamedia.rs\/wp-content\/uploads\/2014\/11\/logo-delhaize-300x59.png 300w, https:\/\/primamedia.rs\/wp-content\/uploads\/2014\/11\/logo-delhaize-768x151.png 768w, https:\/\/primamedia.rs\/wp-content\/uploads\/2014\/11\/logo-delhaize-255x50.png 255w, https:\/\/primamedia.rs\/wp-content\/uploads\/2014\/11\/logo-delhaize-650x128.png 650w\" sizes=\"auto, (max-width: 204px) 100vw, 204px\" \/><\/p>\n<\/div><\/div><\/div><div  class=\"one-fourth column-block  no-background    \" data-animation=\"\" style=\"  \"><div class=\"be-custom-column-pad\" style=\"padding-top: 5px;padding-right: 5px;padding-bottom: 5px;padding-left: 5px;\"><div class=\"be-text-inner clearfix\" style=\"width: 50%; margin: 0 auto 30px;\"><p><img loading=\"lazy\" decoding=\"async\" class=\" wp-image-3898 aligncenter\" src=\"https:\/\/primamedia.rs\/wp-content\/uploads\/2014\/11\/jaffa.png\" alt=\"jaffa\" width=\"120\" height=\"119\" srcset=\"https:\/\/primamedia.rs\/wp-content\/uploads\/2014\/11\/jaffa.png 376w, https:\/\/primamedia.rs\/wp-content\/uploads\/2014\/11\/jaffa-150x150.png 150w, https:\/\/primamedia.rs\/wp-content\/uploads\/2014\/11\/jaffa-300x297.png 300w, https:\/\/primamedia.rs\/wp-content\/uploads\/2014\/11\/jaffa-51x50.png 51w\" sizes=\"auto, (max-width: 120px) 100vw, 120px\" \/><\/p>\n<\/div><\/div><\/div><div  class=\"one-fourth column-block  no-background    \" data-animation=\"\" style=\"  \"><div class=\"be-custom-column-pad\" style=\"padding-top: 5px;padding-right: 5px;padding-bottom: 5px;padding-left: 5px;\"><div class=\"be-text-inner clearfix\" style=\"width: 50%; margin: 0 auto 30px;\"><p><img loading=\"lazy\" decoding=\"async\" class=\"wp-image-3900 aligncenter\" src=\"https:\/\/primamedia.rs\/wp-content\/uploads\/2014\/11\/grand.png\" alt=\"grand\" width=\"144\" height=\"82\" srcset=\"https:\/\/primamedia.rs\/wp-content\/uploads\/2014\/11\/grand.png 1593w, https:\/\/primamedia.rs\/wp-content\/uploads\/2014\/11\/grand-300x172.png 300w, https:\/\/primamedia.rs\/wp-content\/uploads\/2014\/11\/grand-768x440.png 768w, https:\/\/primamedia.rs\/wp-content\/uploads\/2014\/11\/grand-1024x587.png 1024w, https:\/\/primamedia.rs\/wp-content\/uploads\/2014\/11\/grand-87x50.png 87w, https:\/\/primamedia.rs\/wp-content\/uploads\/2014\/11\/grand-650x373.png 650w, https:\/\/primamedia.rs\/wp-content\/uploads\/2014\/11\/grand-1000x573.png 1000w\" sizes=\"auto, (max-width: 144px) 100vw, 144px\" \/><\/p>\n<\/div><\/div><\/div><\/div><div  class=\"be-row be-wrap clearfix be-no-space log\"><div  class=\"one-fourth column-block mob no-background be-bg-cover   \" data-animation=\"\" style=\"  vertical-align: middle;\"><div class=\"be-custom-column-pad\" style=\"\"><div class=\"be-text-inner clearfix\" style=\"width: 50%; margin: 0 auto 30px;\"><p><img loading=\"lazy\" decoding=\"async\" class=\"aligncenter\" src=\"https:\/\/primamedia.rs\/wp-content\/uploads\/2014\/11\/2000px-Coca-Cola_logo.svg.png\" width=\"157\" height=\"52\"><\/p>\n<\/div><\/div><\/div><div  class=\"one-fourth column-block  no-background be-bg-cover   \" data-animation=\"\" style=\"  vertical-align: middle;\"><div class=\"be-custom-column-pad\" style=\"padding-top: 5px;padding-right: 5px;padding-bottom: 5px;padding-left: 5px;\"><div class=\"be-text-inner clearfix\" style=\"width: 50%; margin: 0 auto 30px;\"><p><a href=\"https:\/\/www.mts.rs\/otelekomu\" target=\"_blank\" rel=\"noopener\"><img loading=\"lazy\" decoding=\"async\" class=\"aligncenter wp-image-2956\" src=\"https:\/\/primamedia.rs\/wp-content\/uploads\/2016\/02\/Telekom-Srbija.png\" alt=\"Telekom-Srbija\" width=\"160\" height=\"32\"><\/a><\/p>\n<\/div><\/div><\/div><div  class=\"one-fourth column-block  no-background    \" data-animation=\"\" style=\"  \"><div class=\"be-custom-column-pad\" style=\"padding-top: 5px;padding-right: 5px;padding-bottom: 5px;padding-left: 5px;\"><div class=\"be-text-inner clearfix\" style=\"width: 50%; margin: 0 auto 30px;\"><p><a href=\"http:\/\/www.omv.co.rs\/portal\/01\/rs\/omv_rs\/O_OMV_u\" target=\"_blank\" rel=\"noopener\"><img loading=\"lazy\" decoding=\"async\" class=\"aligncenter wp-image-2966\" src=\"https:\/\/primamedia.rs\/wp-content\/uploads\/2016\/02\/OMV.png\" alt=\"OMV\" width=\"152\" height=\"124\"><\/a><\/p>\n<\/div><\/div><\/div><div  class=\"one-fourth column-block  no-background    \" data-animation=\"\" style=\"  \"><div class=\"be-custom-column-pad\" style=\"padding-top: 5px;padding-right: 5px;padding-bottom: 5px;padding-left: 5px;\"><div class=\"be-text-inner clearfix\" style=\"width: 50%; margin: 0 auto 30px;\"><p><img loading=\"lazy\" decoding=\"async\" class=\" wp-image-3771 aligncenter\" src=\"https:\/\/primamedia.rs\/wp-content\/uploads\/2014\/11\/mercedes-300x300.png\" alt=\"\" width=\"134\" height=\"134\" srcset=\"https:\/\/primamedia.rs\/wp-content\/uploads\/2014\/11\/mercedes-300x300.png 300w, https:\/\/primamedia.rs\/wp-content\/uploads\/2014\/11\/mercedes-150x150.png 150w, https:\/\/primamedia.rs\/wp-content\/uploads\/2014\/11\/mercedes-768x768.png 768w, https:\/\/primamedia.rs\/wp-content\/uploads\/2014\/11\/mercedes-1024x1024.png 1024w, https:\/\/primamedia.rs\/wp-content\/uploads\/2014\/11\/mercedes-50x50.png 50w, https:\/\/primamedia.rs\/wp-content\/uploads\/2014\/11\/mercedes-650x650.png 650w, https:\/\/primamedia.rs\/wp-content\/uploads\/2014\/11\/mercedes-1000x1000.png 1000w\" sizes=\"auto, (max-width: 134px) 100vw, 134px\" \/><\/p>\n<\/div><\/div><\/div><\/div><div  class=\"be-row be-wrap clearfix be-no-space log\"><div  class=\"one-fourth column-block  no-background    \" data-animation=\"\" style=\"  \"><div class=\"be-custom-column-pad\" style=\"padding-top: 5px;padding-right: 5px;padding-bottom: 5px;padding-left: 5px;\"><div class=\"be-text-inner clearfix\" style=\"width: 50%; margin: 0 auto 30px;\"><p><img loading=\"lazy\" decoding=\"async\" class=\" wp-image-3901 aligncenter\" src=\"https:\/\/primamedia.rs\/wp-content\/uploads\/2014\/11\/Imlek-logo2.png\" alt=\"Imlek-logo2\" width=\"126\" height=\"93\" srcset=\"https:\/\/primamedia.rs\/wp-content\/uploads\/2014\/11\/Imlek-logo2.png 288w, https:\/\/primamedia.rs\/wp-content\/uploads\/2014\/11\/Imlek-logo2-68x50.png 68w\" sizes=\"auto, (max-width: 126px) 100vw, 126px\" \/><\/p>\n<\/div><\/div><\/div><div  class=\"one-fourth column-block  no-background    \" data-animation=\"\" style=\"  \"><div class=\"be-custom-column-pad\" style=\"padding-top: 5px;padding-right: 5px;padding-bottom: 5px;padding-left: 5px;\"><div class=\"be-text-inner clearfix\" style=\"width: 50%; margin: 0 auto 30px;\"><p><img loading=\"lazy\" decoding=\"async\" class=\"aligncenter\" src=\"https:\/\/primamedia.rs\/wp-content\/uploads\/2014\/11\/soko-stark.png\" width=\"180\" height=\"97\"><\/p>\n<\/div><\/div><\/div><div  class=\"one-fourth column-block  no-background    \" data-animation=\"\" style=\"  \"><div class=\"be-custom-column-pad\" style=\"padding-top: 5px;padding-right: 5px;padding-bottom: 5px;padding-left: 5px;\"><div class=\"be-text-inner clearfix\" style=\"width: 50%; margin: 0 auto 30px;\"><p><a href=\"http:\/\/www.henkel.com\/\" target=\"_blank\" rel=\"noopener\"><img loading=\"lazy\" decoding=\"async\" class=\"aligncenter wp-image-2950\" src=\"https:\/\/primamedia.rs\/wp-content\/uploads\/2016\/02\/Henkel.png\" alt=\"Henkel\" width=\"147\" height=\"83\"><\/a><\/p>\n<\/div><\/div><\/div><div  class=\"one-fourth column-block  no-background    \" data-animation=\"\" style=\"  \"><div class=\"be-custom-column-pad\" style=\"padding-top: 5px;padding-right: 5px;padding-bottom: 5px;padding-left: 5px;\"><div class=\"be-text-inner clearfix\" style=\"width: 50%; margin: 0 auto 30px;\"><p><a href=\"http:\/\/www.dunav.com\/\" target=\"_blank\" rel=\"noopener\"><img loading=\"lazy\" decoding=\"async\" class=\"aligncenter wp-image-2953\" src=\"https:\/\/primamedia.rs\/wp-content\/uploads\/2016\/02\/Dunav-Osiguranje.png\" alt=\"Dunav-Osiguranje\" width=\"150\" height=\"120\"><\/a><\/p>\n<\/div><\/div><\/div><\/div><div  class=\"be-row be-wrap clearfix zero-bottom be-no-space log\"><div  class=\"one-fourth column-block  no-background    \" data-animation=\"\" style=\"  \"><div class=\"be-custom-column-pad\" style=\"padding-top: 5px;padding-right: 5px;padding-bottom: 5px;padding-left: 5px;\"><div class=\"be-text-inner clearfix\" style=\"width: 50%; margin: 0 auto 30px;\"><p><a href=\"http:\/\/www.squarenine.rs\/\" target=\"_blank\" rel=\"noopener\"><img loading=\"lazy\" decoding=\"async\" class=\" wp-image-3728 aligncenter\" src=\"https:\/\/primamedia.rs\/wp-content\/uploads\/2014\/11\/square-nine-300x208.jpg\" alt=\"square-nine\" width=\"172\" height=\"119\" srcset=\"https:\/\/primamedia.rs\/wp-content\/uploads\/2014\/11\/square-nine-300x208.jpg 300w, https:\/\/primamedia.rs\/wp-content\/uploads\/2014\/11\/square-nine-72x50.jpg 72w, https:\/\/primamedia.rs\/wp-content\/uploads\/2014\/11\/square-nine-650x452.jpg 650w, https:\/\/primamedia.rs\/wp-content\/uploads\/2014\/11\/square-nine.jpg 744w\" sizes=\"auto, (max-width: 172px) 100vw, 172px\" \/><\/a><\/p>\n<\/div><\/div><\/div><div  class=\"one-fourth column-block  no-background     hide-mobile\" data-animation=\"\" style=\"  \"><div class=\"be-custom-column-inner\"><div class=\"be-text-inner clearfix\" style=\"width: 50%; margin: 0 auto 30px;\"><p><img loading=\"lazy\" decoding=\"async\" class=\"aligncenter\" src=\"https:\/\/primamedia.rs\/wp-content\/uploads\/2014\/11\/Pernod_Ricard_logo.png\" width=\"170\" height=\"66\"><\/p>\n<\/div><\/div><\/div><div  class=\"one-fourth column-block  with-background    \" data-animation=\"\" style=\"background: url(https:\/\/primamedia.rs\/wp-content\/uploads\/2024\/09\/argeta-vector-logo.png) repeat scroll top left;  \"><div class=\"be-custom-column-inner\"><div class=\"be-text-inner clearfix\" style=\"width: 50%; margin: 0 auto 30px;\"><p><img loading=\"lazy\" decoding=\"async\" class=\"alignnone size-full wp-image-3933\" src=\"https:\/\/primamedia.rs\/wp-content\/uploads\/2024\/09\/argeta-vector-logo.png\" alt=\"\" width=\"900\" height=\"500\" srcset=\"https:\/\/primamedia.rs\/wp-content\/uploads\/2024\/09\/argeta-vector-logo.png 900w, https:\/\/primamedia.rs\/wp-content\/uploads\/2024\/09\/argeta-vector-logo-300x167.png 300w, https:\/\/primamedia.rs\/wp-content\/uploads\/2024\/09\/argeta-vector-logo-768x427.png 768w, https:\/\/primamedia.rs\/wp-content\/uploads\/2024\/09\/argeta-vector-logo-90x50.png 90w, https:\/\/primamedia.rs\/wp-content\/uploads\/2024\/09\/argeta-vector-logo-650x361.png 650w\" sizes=\"auto, (max-width: 900px) 100vw, 900px\" \/><\/p>\n<\/div><\/div><\/div><div  class=\"one-fourth column-block  no-background    \" data-animation=\"\" style=\"  \"><div class=\"be-custom-column-inner\"><\/div><\/div><\/div><div  class=\"be-row be-wrap clearfix \"><div  class=\"one-col column-block clearfix  no-background    \" data-animation=\"\" style=\"  \"><div class=\"be-custom-column-inner\"><\/div><\/div><\/div><\/div><\/div><div class=\"be-section   be-bg-cover  be-bg-overlay    clearfix\" data-headerscheme=\"background--light\" style=\" background: url(https:\/\/primamedia.rs\/wp-content\/uploads\/2016\/03\/shutterstock_318310085.jpg) no-repeat fixed top center;\"  ><div class=\"be-section-pad clearfix \" style=\" padding-top:150px;padding-bottom:150px;\" data-padding-top = \"150\"><div class=\"section-overlay\" style=\"background: #000000; -ms-filter: progid:DXImageTransform.Microsoft.Alpha(Opacity=80);filter: alpha(opacity=80);-moz-opacity: 0.8;-khtml-opacity: 0.8;opacity: 0.8;\"><\/div><div  class=\"be-row be-wrap clearfix \"><div  class=\"one-col column-block clearfix  no-background    \" data-animation=\"\" style=\"  \"><div class=\"be-custom-column-inner\"><h2 style=\"text-align: center;\"><span style=\"color: #ffffff;\">KOMPLETNA DIGITAL AGENCIJA POD JEDNIM KROVOM!<\/span><\/h2>\n<div class=\"linebreak \" style=\"height:20px;\"><\/div><div class=\"be-button-wrap align-block block-center \"><a class=\"be-shortcode mediumbtn be-button left-icon none   bg-animation-none\" href=\"https:\/\/primamedia.rs\/index.php\/usluge\/?lang=sr\" style= \"border-style: solid; border-width:2px; border-color: #ffffff;background-color: transparent; color: #ffffff; \" data-animation=\"fadeIn\" data-bg-color=\"transparent\" data-hover-bg-color=\"#e0a240\" data-color=\"#ffffff\" data-hover-color=\"#ffffff\" data-border-color=\"#ffffff\" data-hover-border-color=\"#e0a240\" >Pregled Usluga<\/a><\/div><\/div><\/div><\/div><\/div><\/div>","protected":false},"excerpt":{"rendered":"<p>Na\u0161a vizija je da budemo vode\u0107a digital agencija u regionu. Da bismo postigli to, radi\u0107emo vredno, obezbe\u0111uju\u0107i inovativne i kreativne ideje, kao i cenovno efikasna re\u0161enja, predano i profesionalno, pru\u017eaju\u0107i [&hellip;]<\/p>\n<p><a href=\"https:\/\/primamedia.rs\/\" class=\"more-link style1-button\">Read More<\/a><\/p>","protected":false},"author":1,"featured_media":0,"parent":0,"menu_order":0,"comment_status":"open","ping_status":"open","template":"","meta":{"footnotes":""},"class_list":["post-3594","page","type-page","status-publish","hentry"],"jetpack_sharing_enabled":true,"_links":{"self":[{"href":"https:\/\/primamedia.rs\/wp-json\/wp\/v2\/pages\/3594","targetHints":{"allow":["GET"]}}],"collection":[{"href":"https:\/\/primamedia.rs\/wp-json\/wp\/v2\/pages"}],"about":[{"href":"https:\/\/primamedia.rs\/wp-json\/wp\/v2\/types\/page"}],"author":[{"embeddable":true,"href":"https:\/\/primamedia.rs\/wp-json\/wp\/v2\/users\/1"}],"replies":[{"embeddable":true,"href":"https:\/\/primamedia.rs\/wp-json\/wp\/v2\/comments?post=3594"}],"version-history":[{"count":5,"href":"https:\/\/primamedia.rs\/wp-json\/wp\/v2\/pages\/3594\/revisions"}],"predecessor-version":[{"id":3729,"href":"https:\/\/primamedia.rs\/wp-json\/wp\/v2\/pages\/3594\/revisions\/3729"}],"wp:attachment":[{"href":"https:\/\/primamedia.rs\/wp-json\/wp\/v2\/media?parent=3594"}],"curies":[{"name":"wp","href":"https:\/\/api.w.org\/{rel}","templated":true}]}}